{"id":5672,"date":"2024-08-05T12:31:42","date_gmt":"2024-08-05T12:31:42","guid":{"rendered":"https:\/\/diabetomat.pl\/advanced-medical-equipment-s-a\/"},"modified":"2026-04-17T05:48:56","modified_gmt":"2026-04-17T05:48:56","slug":"advanced-medical-equipment-s-a","status":"publish","type":"page","link":"https:\/\/diabetomat.pl\/en\/advanced-medical-equipment-s-a\/","title":{"rendered":"Advanced Medical Equipment S.A"},"content":{"rendered":"[vc_row type=&#8221;full_width_content&#8221; full_screen_row_position=&#8221;middle&#8221; column_margin=&#8221;default&#8221; equal_height=&#8221;yes&#8221; column_direction=&#8221;default&#8221; column_direction_tablet=&#8221;default&#8221; column_direction_phone=&#8221;default&#8221; animated_gradient_bg=&#8221;true&#8221; animated_gradient_bg_color_1=&#8221;#ffffff&#8221; animated_gradient_bg_speed=&#8221;850&#8243; animated_gradient_bg_blending_mode=&#8221;organic&#8221; scene_position=&#8221;center&#8221; bottom_margin=&#8221;140px&#8221; text_color=&#8221;light&#8221; text_align=&#8221;left&#8221; row_border_radius=&#8221;none&#8221; row_border_radius_applies=&#8221;bg&#8221; overflow=&#8221;hidden&#8221; id=&#8221;topImg&#8221; advanced_gradient_angle=&#8221;15&#8243; overlay_strength=&#8221;0.3&#8243; gradient_direction=&#8221;left_to_right&#8221; shape_divider_position=&#8221;bottom&#8221; bg_image_animation=&#8221;clip-path&#8221; clip_path_animation_type=&#8221;default&#8221; clip_path_animation_applies=&#8221;row&#8221; clip_path_start_top_desktop=&#8221;0&#8243; clip_path_start_bottom_desktop=&#8221;0&#8243; clip_path_start_left_desktop=&#8221;0&#8243; clip_path_start_right_desktop=&#8221;0&#8243; clip_path_end_top_desktop=&#8221;80px&#8221; clip_path_end_bottom_desktop=&#8221;0&#8243; clip_path_end_left_desktop=&#8221;80px&#8221; clip_path_end_right_desktop=&#8221;80px&#8221; clip_path_end_top_phone=&#8221;50px&#8221; clip_path_end_bottom_phone=&#8221;24px&#8221; clip_path_end_left_phone=&#8221;24px&#8221; clip_path_end_right_phone=&#8221;24px&#8221; clip_path_start_roundness=&#8221;0&#8243; clip_path_end_roundness=&#8221;20px&#8221; clip_path_animation_addon=&#8221;fade&#8221; video_mute=&#8221;true&#8221; shape_type=&#8221;straight_section&#8221; gradient_type=&#8221;default&#8221; bg_image_animation_delay=&#8221;100&#8243;][vc_column column_element_direction_desktop=&#8221;default&#8221; column_element_spacing=&#8221;0px&#8221; desktop_text_alignment=&#8221;default&#8221; tablet_text_alignment=&#8221;default&#8221; phone_text_alignment=&#8221;default&#8221; background_color_opacity=&#8221;1&#8243; background_hover_color_opacity=&#8221;1&#8243; column_backdrop_filter=&#8221;none&#8221; column_shadow=&#8221;none&#8221; column_border_radius=&#8221;none&#8221; column_link_target=&#8221;_self&#8221; column_position=&#8221;static&#8221; advanced_gradient_angle=&#8221;0&#8243; gradient_direction=&#8221;left_to_right&#8221; overlay_strength=&#8221;0.3&#8243; width=&#8221;1\/1&#8243; tablet_width_inherit=&#8221;default&#8221; animation_type=&#8221;parallax&#8221; animation_movement_type=&#8221;default&#8221; column_parallax_intensity=&#8221;-4&#8243; persist_movement_on_mobile=&#8221;true&#8221; bg_image_animation=&#8221;none&#8221; border_type=&#8221;simple&#8221; column_border_width=&#8221;none&#8221; column_border_style=&#8221;solid&#8221; gradient_type=&#8221;default&#8221; column_padding_type=&#8221;advanced&#8221;][vc_row_inner equal_height=&#8221;yes&#8221; content_placement=&#8221;top&#8221; column_margin=&#8221;custom&#8221; column_margin_custom=&#8221;6vw&#8221; column_direction=&#8221;default&#8221; column_direction_tablet=&#8221;column_reverse&#8221; column_direction_phone=&#8221;default&#8221; top_padding=&#8221;8%&#8221; left_padding_desktop=&#8221;10%&#8221; constrain_group_2=&#8221;yes&#8221; right_padding_desktop=&#8221;10%&#8221; top_padding_tablet=&#8221;20%&#8221; bottom_padding_tablet=&#8221;15%&#8221; top_padding_phone=&#8221;25%&#8221; left_padding_phone=&#8221;5%&#8221; constrain_group_6=&#8221;yes&#8221; right_padding_phone=&#8221;5%&#8221; text_align=&#8221;left&#8221; row_position=&#8221;default&#8221; row_position_tablet=&#8221;inherit&#8221; row_position_phone=&#8221;inherit&#8221; min_width_desktop=&#8221;500&#8243; min_width_tablet=&#8221;0&#8243; overflow=&#8221;visible&#8221; pointer_events=&#8221;all&#8221;][vc_column_inner bottom_padding_desktop=&#8221;6vw&#8221; top_padding_tablet=&#8221;5%&#8221; bottom_padding_tablet=&#8221;17vw&#8221; left_padding_tablet=&#8221;10%&#8221; constrain_group_103=&#8221;yes&#8221; right_padding_tablet=&#8221;10%&#8221; left_padding_phone=&#8221;0&#8243; right_padding_phone=&#8221;0&#8243; column_element_direction_desktop=&#8221;default&#8221; column_element_spacing=&#8221;5px&#8221; desktop_text_alignment=&#8221;left&#8221; tablet_text_alignment=&#8221;center&#8221; phone_text_alignment=&#8221;center&#8221; background_color_opacity=&#8221;1&#8243; background_hover_color_opacity=&#8221;1&#8243; column_backdrop_filter=&#8221;none&#8221; column_shadow=&#8221;none&#8221; column_border_radius=&#8221;none&#8221; column_link_target=&#8221;_self&#8221; overflow=&#8221;visible&#8221; el_class=&#8221;gradientText videoPlay&#8221; advanced_gradient_angle=&#8221;0&#8243; gradient_direction=&#8221;left_to_right&#8221; overlay_strength=&#8221;1&#8243; width=&#8221;1\/2&#8243; tablet_width_inherit=&#8221;default&#8221; animation_type=&#8221;default&#8221; enable_animation=&#8221;true&#8221; animation=&#8221;slight-fade-in-from-bottom&#8221; animation_easing=&#8221;default&#8221; bg_image_animation=&#8221;none&#8221; border_type=&#8221;simple&#8221; column_border_width=&#8221;none&#8221; column_border_color=&#8221;rgba(255,255,255,0.22)&#8221; column_border_style=&#8221;solid&#8221; gradient_type=&#8221;default&#8221; column_padding_type=&#8221;advanced&#8221; delay=&#8221;400&#8243;][nectar_video_player_self_hosted video_mp4=&#8221;https:\/\/diabetomat.pl\/wp-content\/uploads\/2023\/09\/videoplayback-1.mp4&#8243; el_aspect=&#8221;43&#8243; align=&#8221;right&#8221; player_functionality=&#8221;default&#8221; hide_controls=&#8221;yes&#8221; loop=&#8221;yes&#8221; autoplay=&#8221;yes&#8221; video_loading=&#8221;default&#8221; border_radius=&#8221;none&#8221; box_shadow=&#8221;none&#8221; advanced_gradient_display_type=&#8221;linear&#8221;][\/vc_column_inner][vc_column_inner constrain_group_101=&#8221;yes&#8221; left_padding_tablet=&#8221;7%&#8221; constrain_group_103=&#8221;yes&#8221; right_padding_tablet=&#8221;7%&#8221; column_element_direction_desktop=&#8221;default&#8221; column_element_spacing=&#8221;default&#8221; desktop_text_alignment=&#8221;default&#8221; tablet_text_alignment=&#8221;default&#8221; phone_text_alignment=&#8221;default&#8221; background_color_opacity=&#8221;1&#8243; background_hover_color_opacity=&#8221;1&#8243; column_backdrop_filter=&#8221;none&#8221; column_shadow=&#8221;none&#8221; column_border_radius=&#8221;none&#8221; column_link_target=&#8221;_self&#8221; overflow=&#8221;visible&#8221; el_class=&#8221;videoPlay&#8221; gradient_direction=&#8221;left_to_right&#8221; overlay_strength=&#8221;0.3&#8243; width=&#8221;1\/2&#8243; tablet_width_inherit=&#8221;default&#8221; animation_type=&#8221;default&#8221; enable_animation=&#8221;true&#8221; animation=&#8221;slight-fade-in-from-bottom&#8221; animation_easing=&#8221;default&#8221; bg_image_animation=&#8221;none&#8221; border_type=&#8221;simple&#8221; column_border_width=&#8221;none&#8221; column_border_style=&#8221;solid&#8221; column_padding_type=&#8221;advanced&#8221; gradient_type=&#8221;default&#8221; delay=&#8221;400&#8243;][heading text_align=&#8221;left&#8221; animation=&#8221;none&#8221; color=&#8221;Default&#8221; font_size=&#8221;4.4vw&#8221; font_weight=&#8221;700&#8243; font_size_tablet=&#8221;9vw&#8221;]\n<h1><span style=\"color: #011334;\">Advanced Medical Equipment S.A<\/span><\/h1>\n[\/heading][\/vc_column_inner][\/vc_row_inner][\/vc_column][\/vc_row][vc_row type=&#8221;in_container&#8221; full_screen_row_position=&#8221;middle&#8221; column_margin=&#8221;default&#8221; column_direction=&#8221;default&#8221; column_direction_tablet=&#8221;default&#8221; column_direction_phone=&#8221;default&#8221; scene_position=&#8221;center&#8221; text_color=&#8221;dark&#8221; text_align=&#8221;left&#8221; row_border_radius=&#8221;none&#8221; row_border_radius_applies=&#8221;bg&#8221; overflow=&#8221;visible&#8221; overlay_strength=&#8221;0.3&#8243; gradient_direction=&#8221;left_to_right&#8221; shape_divider_position=&#8221;bottom&#8221; bg_image_animation=&#8221;none&#8221;][vc_column column_padding=&#8221;no-extra-padding&#8221; column_padding_tablet=&#8221;inherit&#8221; column_padding_phone=&#8221;inherit&#8221; column_padding_position=&#8221;all&#8221; column_element_direction_desktop=&#8221;default&#8221; column_element_spacing=&#8221;default&#8221; desktop_text_alignment=&#8221;default&#8221; tablet_text_alignment=&#8221;default&#8221; phone_text_alignment=&#8221;default&#8221; background_color_opacity=&#8221;1&#8243; background_hover_color_opacity=&#8221;1&#8243; column_backdrop_filter=&#8221;none&#8221; column_shadow=&#8221;none&#8221; column_border_radius=&#8221;none&#8221; column_link_target=&#8221;_self&#8221; column_position=&#8221;default&#8221; gradient_direction=&#8221;left_to_right&#8221; overlay_strength=&#8221;0.3&#8243; width=&#8221;1\/1&#8243; tablet_width_inherit=&#8221;default&#8221; animation_type=&#8221;default&#8221; bg_image_animation=&#8221;none&#8221; border_type=&#8221;simple&#8221; column_border_width=&#8221;none&#8221; column_border_style=&#8221;solid&#8221;][vc_column_text]<strong>Full name<\/strong> ADVANCED MEDICAL EQUIPMENT SP\u00d3\u0141KA AKCYJNA<\/p>\n<p><strong>KRS:<\/strong> 0001078646<br \/>\n NIP<strong>:<\/strong> 7011123477<br \/>\n<strong>REGON<\/strong><strong>:<\/strong> 524102338<\/p>\n<p><strong>Registered office address:<\/strong> Stefana Okrzei 1A, 03-711 Warsaw, Poland<br \/>\n<strong>Legal form:<\/strong> joint stock company<br \/>\n<strong>Registration date:<\/strong> January 15, 2024.[\/vc_column_text][heading top_margin=&#8221;100px&#8221; constrain_group_1=&#8221;yes&#8221; bottom_margin=&#8221;100px&#8221; text_align=&#8221;center&#8221; animation=&#8221;none&#8221; color=&#8221;Accent-Color&#8221; font_weight=&#8221;800&#8243; font_size=&#8221;50&#8243;]\n<h2 id=\"objawy-kt\u00f3re-powinny-niepokoi\u0107\">ADVANCED MEDICAL EQUIPMENT:<br \/>\nTechnological Innovations in Healthcare<\/h2>\n[\/heading][vc_column_text]ADVANCED MEDICAL EQUIPMENT S.A. specializes in developing advanced diagnostic solutions to improve the quality of life for patients around the world.<\/p>\n<p>It is a brand that combines advanced engineering with medical science. We focus on developing technologies that transform traditional diagnostic methods into modern, precise tools.[\/vc_column_text][heading top_margin=&#8221;100px&#8221; constrain_group_1=&#8221;yes&#8221; bottom_margin=&#8221;100px&#8221; text_align=&#8221;center&#8221; animation=&#8221;none&#8221; color=&#8221;Accent-Color&#8221; font_weight=&#8221;800&#8243; font_size=&#8221;50&#8243;]\n<h2 id=\"Co-powoduje-cukrzyc\u0119-typu-2\">ADVANCED MEDICAL EQUIPMENT advanced technologies.<\/h2>\n[\/heading][vc_column_text]Our laboratories are developing devices using the latest advances in fields such as spectroscopy, biomarker analysis and biological signal processing.[\/vc_column_text][heading top_margin=&#8221;100px&#8221; constrain_group_1=&#8221;yes&#8221; bottom_margin=&#8221;100px&#8221; text_align=&#8221;center&#8221; animation=&#8221;none&#8221; color=&#8221;Accent-Color&#8221; font_weight=&#8221;800&#8243; font_size=&#8221;50&#8243;]\n<h2 id=\"Czy-mo\u017cna-unikn\u0105\u0107-zachorowania\">Development and research at AME S.A.<\/h2>\n[\/heading][vc_column_text]At ADVANCED MEDICAL EQUIPMENT, we believe that the future of medicine lies in innovative technologies. Our research teams are constantly working on new solutions that can revolutionize the diagnosis and monitoring of medical conditions.[\/vc_column_text][heading top_margin=&#8221;100px&#8221; constrain_group_1=&#8221;yes&#8221; bottom_margin=&#8221;100px&#8221; text_align=&#8221;center&#8221; animation=&#8221;none&#8221; color=&#8221;Accent-Color&#8221; font_weight=&#8221;800&#8243; font_size=&#8221;50&#8243;]\n<h2 id=\"W\u0142a\u015bciwe-zarz\u0105dzanie-chorob\u0105\">ADVANCED MEDICAL EQUIPMENT:<br \/>\nGlobal Health Solutions<\/h2>\n[\/heading][vc_column_text]ADVANCED MEDICAL EQUIPMENT is a joint-stock company with an international reach.<\/p>\n<p>Our innovative medical solutions are created for individuals and health facilities around the world, contributing to the improvement of healthcare standards.[\/vc_column_text][vc_column_text]\n<div><strong>SUPERVISORY BOARD SUPERVISORY AUTHORITY<\/strong><\/div>\n<div>\n<div>\n<div>\n<div>\n<p>Konstanty Waldemar Marshal<br \/>\nAs of January 15, 2024.<\/p>\n<\/div>\n<\/div>\n<\/div>\n<\/div>\n<div>\n<div>\n<div>\n<div>\n<p>Wojciech Maria Tomikowski<br \/>\nAs of January 15, 2024.<\/p>\n<\/div>\n<\/div>\n<\/div>\n<\/div>\n[\/vc_column_text][\/vc_column][\/vc_row]\n","protected":false},"excerpt":{"rendered":"<p>[vc_row type=&#8221;full_width_content&#8221; full_screen_row_position=&#8221;middle&#8221; column_margin=&#8221;default&#8221; equal_height=&#8221;yes&#8221; column_direction=&#8221;default&#8221; column_direction_tablet=&#8221;default&#8221; column_direction_phone=&#8221;default&#8221; animated_gradient_bg=&#8221;true&#8221; animated_gradient_bg_color_1=&#8221;#ffffff&#8221; animated_gradient_bg_speed=&#8221;850&#8243; animated_gradient_bg_blending_mode=&#8221;organic&#8221; scene_position=&#8221;center&#8221; bottom_margin=&#8221;140px&#8221; text_color=&#8221;light&#8221; text_align=&#8221;left&#8221; row_border_radius=&#8221;none&#8221; row_border_radius_applies=&#8221;bg&#8221; overflow=&#8221;hidden&#8221; id=&#8221;topImg&#8221; advanced_gradient_angle=&#8221;15&#8243; overlay_strength=&#8221;0.3&#8243; gradient_direction=&#8221;left_to_right&#8221; shape_divider_position=&#8221;bottom&#8221; bg_image_animation=&#8221;clip-path&#8221; clip_path_animation_type=&#8221;default&#8221; clip_path_animation_applies=&#8221;row&#8221; clip_path_start_top_desktop=&#8221;0&#8243; clip_path_start_bottom_desktop=&#8221;0&#8243; clip_path_start_left_desktop=&#8221;0&#8243;&#8230;<\/p>\n","protected":false},"author":1,"featured_media":0,"parent":0,"menu_order":0,"comment_status":"closed","ping_status":"closed","template":"","meta":{"_acf_changed":false,"footnotes":""},"class_list":["post-5672","page","type-page","status-publish"],"acf":[],"yoast_head":"<!-- This site is optimized with the Yoast SEO plugin v21.4 - https:\/\/yoast.com\/wordpress\/plugins\/seo\/ -->\n<title>Advanced Medical Equipment S.A - Diabetomat<\/title>\n<meta name=\"robots\" content=\"index, follow, max-snippet:-1, max-image-preview:large, max-video-preview:-1\" \/>\n<link rel=\"canonical\" href=\"https:\/\/diabetomat.pl\/en\/advanced-medical-equipment-s-a\/\" \/>\n<meta property=\"og:locale\" content=\"en_US\" \/>\n<meta property=\"og:type\" content=\"article\" \/>\n<meta property=\"og:title\" content=\"Advanced Medical Equipment S.A - Diabetomat\" \/>\n<meta property=\"og:description\" content=\"[vc_row type=&#8221;full_width_content&#8221; full_screen_row_position=&#8221;middle&#8221; column_margin=&#8221;default&#8221; equal_height=&#8221;yes&#8221; column_direction=&#8221;default&#8221; column_direction_tablet=&#8221;default&#8221; column_direction_phone=&#8221;default&#8221; animated_gradient_bg=&#8221;true&#8221; animated_gradient_bg_color_1=&#8221;#ffffff&#8221; animated_gradient_bg_speed=&#8221;850&#8243; animated_gradient_bg_blending_mode=&#8221;organic&#8221; scene_position=&#8221;center&#8221; bottom_margin=&#8221;140px&#8221; text_color=&#8221;light&#8221; text_align=&#8221;left&#8221; row_border_radius=&#8221;none&#8221; row_border_radius_applies=&#8221;bg&#8221; overflow=&#8221;hidden&#8221; id=&#8221;topImg&#8221; advanced_gradient_angle=&#8221;15&#8243; overlay_strength=&#8221;0.3&#8243; gradient_direction=&#8221;left_to_right&#8221; shape_divider_position=&#8221;bottom&#8221; bg_image_animation=&#8221;clip-path&#8221; clip_path_animation_type=&#8221;default&#8221; clip_path_animation_applies=&#8221;row&#8221; clip_path_start_top_desktop=&#8221;0&#8243; clip_path_start_bottom_desktop=&#8221;0&#8243; clip_path_start_left_desktop=&#8221;0&#8243;...\" \/>\n<meta property=\"og:url\" content=\"https:\/\/diabetomat.pl\/en\/advanced-medical-equipment-s-a\/\" \/>\n<meta property=\"og:site_name\" content=\"Diabetomat\" \/>\n<meta property=\"article:modified_time\" content=\"2026-04-17T05:48:56+00:00\" \/>\n<meta name=\"twitter:card\" content=\"summary_large_image\" \/>\n<meta name=\"twitter:label1\" content=\"Est. reading time\" \/>\n\t<meta name=\"twitter:data1\" content=\"6 minutes\" \/>\n<script type=\"application\/ld+json\" class=\"yoast-schema-graph\">{\"@context\":\"https:\/\/schema.org\",\"@graph\":[{\"@type\":\"WebPage\",\"@id\":\"https:\/\/diabetomat.pl\/en\/advanced-medical-equipment-s-a\/\",\"url\":\"https:\/\/diabetomat.pl\/en\/advanced-medical-equipment-s-a\/\",\"name\":\"Advanced Medical Equipment S.A - Diabetomat\",\"isPartOf\":{\"@id\":\"\/#website\"},\"datePublished\":\"2024-08-05T12:31:42+00:00\",\"dateModified\":\"2026-04-17T05:48:56+00:00\",\"breadcrumb\":{\"@id\":\"https:\/\/diabetomat.pl\/en\/advanced-medical-equipment-s-a\/#breadcrumb\"},\"inLanguage\":\"en-US\",\"potentialAction\":[{\"@type\":\"ReadAction\",\"target\":[\"https:\/\/diabetomat.pl\/en\/advanced-medical-equipment-s-a\/\"]}]},{\"@type\":\"BreadcrumbList\",\"@id\":\"https:\/\/diabetomat.pl\/en\/advanced-medical-equipment-s-a\/#breadcrumb\",\"itemListElement\":[{\"@type\":\"ListItem\",\"position\":1,\"name\":\"Strona g\u0142\u00f3wna\",\"item\":\"https:\/\/diabetomat.pl\/en\/\"},{\"@type\":\"ListItem\",\"position\":2,\"name\":\"Advanced Medical Equipment S.A\"}]},{\"@type\":\"WebSite\",\"@id\":\"\/#website\",\"url\":\"\/\",\"name\":\"Diabetomat\",\"description\":\"Just another WordPress site\",\"potentialAction\":[{\"@type\":\"SearchAction\",\"target\":{\"@type\":\"EntryPoint\",\"urlTemplate\":\"\/?s={search_term_string}\"},\"query-input\":\"required name=search_term_string\"}],\"inLanguage\":\"en-US\"}]}<\/script>\n<!-- \/ Yoast SEO plugin. -->","yoast_head_json":{"title":"Advanced Medical Equipment S.A - Diabetomat","robots":{"index":"index","follow":"follow","max-snippet":"max-snippet:-1","max-image-preview":"max-image-preview:large","max-video-preview":"max-video-preview:-1"},"canonical":"https:\/\/diabetomat.pl\/en\/advanced-medical-equipment-s-a\/","og_locale":"en_US","og_type":"article","og_title":"Advanced Medical Equipment S.A - Diabetomat","og_description":"[vc_row type=&#8221;full_width_content&#8221; full_screen_row_position=&#8221;middle&#8221; column_margin=&#8221;default&#8221; equal_height=&#8221;yes&#8221; column_direction=&#8221;default&#8221; column_direction_tablet=&#8221;default&#8221; column_direction_phone=&#8221;default&#8221; animated_gradient_bg=&#8221;true&#8221; animated_gradient_bg_color_1=&#8221;#ffffff&#8221; animated_gradient_bg_speed=&#8221;850&#8243; animated_gradient_bg_blending_mode=&#8221;organic&#8221; scene_position=&#8221;center&#8221; bottom_margin=&#8221;140px&#8221; text_color=&#8221;light&#8221; text_align=&#8221;left&#8221; row_border_radius=&#8221;none&#8221; row_border_radius_applies=&#8221;bg&#8221; overflow=&#8221;hidden&#8221; id=&#8221;topImg&#8221; advanced_gradient_angle=&#8221;15&#8243; overlay_strength=&#8221;0.3&#8243; gradient_direction=&#8221;left_to_right&#8221; shape_divider_position=&#8221;bottom&#8221; bg_image_animation=&#8221;clip-path&#8221; clip_path_animation_type=&#8221;default&#8221; clip_path_animation_applies=&#8221;row&#8221; clip_path_start_top_desktop=&#8221;0&#8243; clip_path_start_bottom_desktop=&#8221;0&#8243; clip_path_start_left_desktop=&#8221;0&#8243;...","og_url":"https:\/\/diabetomat.pl\/en\/advanced-medical-equipment-s-a\/","og_site_name":"Diabetomat","article_modified_time":"2026-04-17T05:48:56+00:00","twitter_card":"summary_large_image","twitter_misc":{"Est. reading time":"6 minutes"},"schema":{"@context":"https:\/\/schema.org","@graph":[{"@type":"WebPage","@id":"https:\/\/diabetomat.pl\/en\/advanced-medical-equipment-s-a\/","url":"https:\/\/diabetomat.pl\/en\/advanced-medical-equipment-s-a\/","name":"Advanced Medical Equipment S.A - Diabetomat","isPartOf":{"@id":"\/#website"},"datePublished":"2024-08-05T12:31:42+00:00","dateModified":"2026-04-17T05:48:56+00:00","breadcrumb":{"@id":"https:\/\/diabetomat.pl\/en\/advanced-medical-equipment-s-a\/#breadcrumb"},"inLanguage":"en-US","potentialAction":[{"@type":"ReadAction","target":["https:\/\/diabetomat.pl\/en\/advanced-medical-equipment-s-a\/"]}]},{"@type":"BreadcrumbList","@id":"https:\/\/diabetomat.pl\/en\/advanced-medical-equipment-s-a\/#breadcrumb","itemListElement":[{"@type":"ListItem","position":1,"name":"Strona g\u0142\u00f3wna","item":"https:\/\/diabetomat.pl\/en\/"},{"@type":"ListItem","position":2,"name":"Advanced Medical Equipment S.A"}]},{"@type":"WebSite","@id":"\/#website","url":"\/","name":"Diabetomat","description":"Just another WordPress site","potentialAction":[{"@type":"SearchAction","target":{"@type":"EntryPoint","urlTemplate":"\/?s={search_term_string}"},"query-input":"required name=search_term_string"}],"inLanguage":"en-US"}]}},"_links":{"self":[{"href":"https:\/\/diabetomat.pl\/en\/wp-json\/wp\/v2\/pages\/5672","targetHints":{"allow":["GET"]}}],"collection":[{"href":"https:\/\/diabetomat.pl\/en\/wp-json\/wp\/v2\/pages"}],"about":[{"href":"https:\/\/diabetomat.pl\/en\/wp-json\/wp\/v2\/types\/page"}],"author":[{"embeddable":true,"href":"https:\/\/diabetomat.pl\/en\/wp-json\/wp\/v2\/users\/1"}],"replies":[{"embeddable":true,"href":"https:\/\/diabetomat.pl\/en\/wp-json\/wp\/v2\/comments?post=5672"}],"version-history":[{"count":5,"href":"https:\/\/diabetomat.pl\/en\/wp-json\/wp\/v2\/pages\/5672\/revisions"}],"predecessor-version":[{"id":5680,"href":"https:\/\/diabetomat.pl\/en\/wp-json\/wp\/v2\/pages\/5672\/revisions\/5680"}],"wp:attachment":[{"href":"https:\/\/diabetomat.pl\/en\/wp-json\/wp\/v2\/media?parent=5672"}],"curies":[{"name":"wp","href":"https:\/\/api.w.org\/{rel}","templated":true}]}}